{"id":4450,"date":"2020-02-19T08:02:18","date_gmt":"2020-02-19T08:02:18","guid":{"rendered":"http:\/\/247office.ee\/?page_id=4450"},"modified":"2022-11-11T13:06:33","modified_gmt":"2022-11-11T13:06:33","slug":"24-7-office-sissekorraeeskiri","status":"publish","type":"page","link":"https:\/\/247office.ee\/en\/24-7-office-sissekorraeeskiri\/","title":{"rendered":"Internal rules of 24\/7 Office"},"content":{"rendered":"<div id=\"wp-block-themeisle-blocks-advanced-columns-32bca729\" class=\"wp-block-themeisle-blocks-advanced-columns has-1-columns has-desktop-equal-layout has-tablet-equal-layout has-mobile-equal-layout has-vertical-unset\"><div class=\"wp-block-themeisle-blocks-advanced-columns-overlay\"><\/div><div class=\"innerblocks-wrap\">\n<div id=\"wp-block-themeisle-blocks-advanced-column-588187de\" class=\"wp-block-themeisle-blocks-advanced-column\">\n<figure class=\"wp-block-image aligncenter size-large is-resized\"><img decoding=\"async\" src=\"https:\/\/247office.ee\/wp-content\/uploads\/2020\/02\/247_OFFICE_positiiv_horisontaal_logo-1024x282.png\" alt=\"\" class=\"wp-image-4708\" width=\"365\" height=\"100\" srcset=\"https:\/\/247office.ee\/wp-content\/uploads\/2020\/02\/247_OFFICE_positiiv_horisontaal_logo-1024x282.png 1024w, https:\/\/247office.ee\/wp-content\/uploads\/2020\/02\/247_OFFICE_positiiv_horisontaal_logo-600x165.png 600w, https:\/\/247office.ee\/wp-content\/uploads\/2020\/02\/247_OFFICE_positiiv_horisontaal_logo-300x83.png 300w, https:\/\/247office.ee\/wp-content\/uploads\/2020\/02\/247_OFFICE_positiiv_horisontaal_logo-768x211.png 768w, https:\/\/247office.ee\/wp-content\/uploads\/2020\/02\/247_OFFICE_positiiv_horisontaal_logo-1536x422.png 1536w, https:\/\/247office.ee\/wp-content\/uploads\/2020\/02\/247_OFFICE_positiiv_horisontaal_logo-50x14.png 50w, https:\/\/247office.ee\/wp-content\/uploads\/2020\/02\/247_OFFICE_positiiv_horisontaal_logo.png 1920w\" sizes=\"(max-width: 365px) 100vw, 365px\" \/><\/figure>\n\n\n\n<p class=\"has-text-align-center\"><strong>24\/7 Office sisekorraeeskiri.<\/strong><\/p>\n\n\n\n<p class=\"has-text-align-center\">Kinnitatud 1. augustil 2017<\/p>\n\n\n\n<p class=\"has-text-align-center\">T\u00e4iendatud 16. jaanuaril 2019<\/p>\n\n\n\n<p><\/p>\n\n\n\n<p>24\/7 Office sisekorraeeskirjad kuuluvad t\u00e4itmisele k\u00f5ikidele \u00fc\u00fcrnikele ja \u00fc\u00fcrnike klientidele. \u00dc\u00fcrniku kliendi eest vastutab \u00fc\u00fcrnik, kui klienti ei ole v\u00f5imalik vastutusele v\u00f5tta.<\/p>\n\n\n\n<ol class=\"wp-block-list\"><li>24\/7 Office kontorihotell (edaspidi nimetatud 24\/7 Office v\u00f5i \u00dc\u00fcrileandja) Manta Maja kontor on avalikult avatud t\u00f6\u00f6p\u00e4evadel kell 7.00 \u2013 20.00. Manta Maja peaukse avab ja sulgeb hooneautomaatika \u00fclaltoodud kellaaegadel. \u00dclej\u00e4\u00e4nud aegadel saab peauksest sisse s\u00f5rmej\u00e4lje v\u00f5i telefoni abil.<\/li><li>Mittestatsionaarsete t\u00f6\u00f6kohtade ja b\u00fcrooteenuste kasutamine toimub&nbsp;<em>first come first served&nbsp;<\/em>p\u00f5him\u00f5ttel.<\/li><li>24\/7 Office juhatusel on vajadusel \u00f5igus \u00fchepoolselt paigutada \u00fcmber statsionaarsetel kohtadel t\u00f6\u00f6tavaid \u00fc\u00fcrnike kontorihotellide siseselt teise kohta, teatades sellest ette v\u00e4hemalt 5 t\u00f6\u00f6p\u00e4eva.<\/li><li>N\u00e4dalavahetustel ja riigip\u00fchadel on 24\/7 Office ruumid lepingulistele kasutajatele kasutamiseks avatud. Ruumide kasutamine, sh. hoonesse ja ruumidesse sisenemine toimub elektroonilise l\u00e4bip\u00e4\u00e4sus\u00fcsteemi abil iga \u00fc\u00fcrniku isiklikul vastutusel.<\/li><li>24\/7 Office ruume kasutatakse \u00fcksnes b\u00fcroo- v\u00f5i koolitusruumide kasutusotstarbel. K\u00f6\u00f6ki kasutatakse s\u00f6\u00f6gi valmistamiseks, s\u00f6\u00f6miseks ja v\u00e4iksemate kohtumiste pidamiseks.<\/li><li>24\/7 Office \u00f6\u00f6tundidel viibimine on lubatud \u00fcksnes t\u00f6\u00f6tamiseks ehk ruumide kasutamiseks b\u00fcroona.<\/li><li>24\/7 Office kontorihotelli lepingulistele klientidele on n\u00f5upidamisruumide kasutamine (va I korruse seminariruum) tasuta. N\u00f5upidamisruumide kasutamine tuleb eelnevalt broneerida online broneerimiss\u00fcsteemis.<\/li><li>Kontorihotelli \u00fc\u00fcrnik tohib kohtuda \u00fchiskontoris ja n\u00f5upidamisruumides kolmandate isikutega, n\u00e4iteks oma koost\u00f6\u00f6partneritega, klientidega v\u00f5i \u00fc\u00fcrnikuga sama organisatsiooni t\u00f6\u00f6tajatega. \u00dc\u00fcrnikul puudub \u00f5igus lubada v\u00f5i j\u00e4tta kolmandaid isikuid 24\/7 Office ruumidesse omapead, \u00fc\u00fcrniku juuresolekuta.<\/li><li>N\u00f5upidamisruume saavad ilma lisatasudeta broneerida vaid 24\/7 Office kontorihotelli lepingulised kliendid, kellel on olemas luba kasutada kas statsionaarset v\u00f5i mittestatsionaarset t\u00f6\u00f6pinda ning kes omavad ligip\u00e4\u00e4su 24\/7 Office kontorhotellile. N\u00f5upidamisruume ei saa broneerida ilma lisatasudeta kolmandad isikud, sealhulgas \u00fc\u00fcrnike kliendid, koost\u00f6\u00f6partnerid v\u00f5i \u00fc\u00fcrnikuga sama organisatsiooni t\u00f6\u00f6tajad v\u00f5i juhatuse liikmed, kes ei oma \u00fchiskontoris t\u00f6\u00f6pinna kasutamise \u00f5igust.<\/li><li>Igap\u00e4evasel t\u00f6\u00f6ruumide kasutamisel l\u00e4htutakse p\u00f5him\u00f5ttest, et teisi kasutajaid, \u00fc\u00fcrnikke v\u00f5i kliente ei h\u00e4irita. Vajadusel tuleb kasutada telefonibokse ja n\u00f5upidamisruume v\u00e4ltimaks kaaslaste segamist ja tagamaks vaikset t\u00f6\u00f6keskkonda.<\/li><li>N\u00f5upidamisruumid tuleb enne n\u00f5upidamist vastavas veebikeskkonnas broneerida ja broneeringutest tuleb minuti pealt kinni pidada, kusjuures ees\u00f5igus n\u00f5upidamiste ruumile on uuel, \u00f5igeaegselt kohale tulnud broneeringut omaval koosoleku pidajal.<\/li><li>Broneeritud n\u00f5upidamiste ruum tuleb ASAP vabastada broneeringust, kui ilmneb, et koosolek v\u00f5i n\u00f5upidamine j\u00e4\u00e4b \u00e4ra. Broneeringus\u00fcsteemi rikkumise korral kohustub rikkunud pool tasuma \u00dc\u00fcrileandjale leppetrahvi 25 eurot iga korra eest. N\u00f5upidamiste ruum tuleb enda j\u00e4rgi korda seada j\u00e4rgmise koosoleku jaoks (toolid oma kohtadele ning mustad n\u00f5ud tuleb koristada).<\/li><li>\u00dcrituste (sh infotunnid, koolitused, kliendip\u00e4evad jms) v\u00f5i suuremate koosolekute korraldamise soovist teavitatakse 24\/7 Office juhatajat v\u00e4hemalt kaks n\u00e4dalat enne \u00fcrituse algust. 24\/7 Office lepingulised kliendid saavad tasuta korraldada n\u00f5upidamisruumides \u00fcritusi, millel puudub osalustasu.<\/li><li>Spetsiaalsete v\u00f5i tavalise kasutusotstarbe v\u00e4lised tegevused 24\/7 Office ruumides peavad olema eelnevalt koosk\u00f5lastatud 24\/7 Office juhatajaga.<\/li><li>24\/7 Office aadrsside kasutamine ettev\u00f5tte juriidilise aadressina tuleb koosk\u00f5lastada 24\/7 Office juhatusega.<\/li><li>\u00dc\u00fcrnikel ja \u00fc\u00fcrnike klientidel on keelatud suitsetamine 24\/7 Office ruumides ja territooriumil, va. selleks spetsiaalselt etten\u00e4htud kohas.<\/li><li>\u00dc\u00fcrnikel ja \u00fc\u00fcrnike klientidel on keelatud 24\/7 Office ruumides viibimine tuntavas alkoholi- v\u00f5i narkojoobe seisundis.<\/li><li>Lemmikloomade lubamine 24\/7 Office on lubatud \u00fcksnes \u00fchiskontori juhataja eelneval n\u00f5usolekul.<\/li><li>\u00dc\u00fcrnike ja \u00fc\u00fcrnike klientide teenindamiseks Manta Maja kontoris on 24\/7 Office poolt ette n\u00e4htud m\u00f5istlikus koguses A4 ja A3 printer ja paber ning kohv, tee ja vesi.<\/li><li>\u00dc\u00fcrnike ja \u00fc\u00fcrnike klientide teenindamiseks on rajatud kaks eraldiseisvat WIFI \u00fchendust, millest \u00fcks on lepingulistele kasutajatele ja teine klientidele.<\/li><li>Veebist materjali allalaadimine ja veebi \u00fcleslaadimine toimub \u00fc\u00fcrniku isiklikul vastutusel.<\/li><li>24\/7 Office \u00fc\u00fcrnikud ja \u00fc\u00fcrnike kliendid peavad j\u00e4rgima h\u00e4id k\u00e4itumisjuhiseid, hoidma puhtust ja korda ning \u00fc\u00fcrileandja vara kasutama heaperemehelikult.<\/li><li>M\u00e4\u00e4rdunud n\u00f5ud tuleb asetada n\u00f5udepesumasinasse v\u00f5i pesta k\u00e4sitsi.<\/li><li>\u00dc\u00fcrileandjal on \u00f5igus k\u00fcsida renti oma ruumide ja inventari kasutamise eest vastavalt \u00fc\u00fcrilepingutele, \u00fc\u00fcrilepingute p\u00f5hitingimustele ja hinnakirjale.<\/li><li>T\u00f6\u00f6ks vajaminevat inventari ja vahendeid saab kasutada poolte vahelisel kokkuleppel \u00fc\u00fcrilepingus kokkulepitud mahus.<\/li><li>Mistahes tegevuse k\u00e4igus rikutud inventari v\u00f5i viimistuse, on klient kohustatud korvama 24\/7 Office-le tekitatud kahju.<\/li><li>Inventari rikkumise korral on \u00dc\u00fcrileandjal \u00f5igus n\u00f5uda tekitatud kahju h\u00fcvitamist t\u00e4ies ulatuses.<\/li><li>M\u00f6\u00f6bli liigutamine v\u00f5i lisamine \u00fchiskontorisse tuleb koosk\u00f5lastada 24\/7 Office juhatajaga.<\/li><li>24\/7 Office b\u00fcroohotelli klaasist siseseintele on lubatud kleepida valgest piimjast kilest oma ettev\u00f5tte kleebiseid, klaasi alumisest servast vahemikus 90cm-190cm, j\u00e4ttes enda ettev\u00f5tte ja 24\/7 Office logo vahele v\u00e4hemalt 10cm. Enne kleebise lisamist tuleb see koosk\u00f5lastada 24\/7 Office juhatusega esitades selle kohta seletav joonis.<\/li><li>24\/7 Officeruumide temperatuuri ja sisekliima on seadistatud \u00dc\u00fcrileandja poolt.<\/li><li>Parkimise kord 24\/7 Office kontorihoonete parklates on lahendatud vastava teekatte m\u00e4rgistusega ja liiklusm\u00e4rkidega.<\/li><li>Sisekorraeeskirja eiramisel on 24\/7 Office kontorihotellil \u00f5igus t\u00fchistada \u00fc\u00fcrniku l\u00e4bip\u00e4\u00e4su\u00f5igused, raha tagasi maksmata ja v\u00f5tta \u00fc\u00fcrnikult 24\/7 Office k\u00fclastus\u00f5igus.<\/li><li>Probleemide korral teavitada koheselt 24\/7 Office juhatajat.<\/li><\/ol>\n<\/div>\n<\/div><\/div>","protected":false},"excerpt":{"rendered":"","protected":false},"author":1,"featured_media":0,"parent":0,"menu_order":0,"comment_status":"closed","ping_status":"closed","template":"","meta":{"site-sidebar-layout":"default","site-content-layout":"","ast-site-content-layout":"","site-content-style":"default","site-sidebar-style":"default","ast-global-header-display":"","ast-banner-title-visibility":"","ast-main-header-display":"","ast-hfb-above-header-display":"","ast-hfb-below-header-display":"","ast-hfb-mobile-header-display":"","site-post-title":"","ast-breadcrumbs-content":"","ast-featured-img":"","footer-sml-layout":"","theme-transparent-header-meta":"","adv-header-id-meta":"","stick-header-meta":"","header-above-stick-meta":"","header-main-stick-meta":"","header-below-stick-meta":"","astra-migrate-meta-layouts":"default","ast-page-background-enabled":"default","ast-page-background-meta":{"desktop":{"background-color":"","background-image":"","background-repeat":"repeat","background-position":"center center","background-size":"auto","background-attachment":"scroll","background-type":"","background-media":"","overlay-type":"","overlay-color":"","overlay-opacity":"","overlay-gradient":""},"tablet":{"background-color":"","background-image":"","background-repeat":"repeat","background-position":"center center","background-size":"auto","background-attachment":"scroll","background-type":"","background-media":"","overlay-type":"","overlay-color":"","overlay-opacity":"","overlay-gradient":""},"mobile":{"background-color":"","background-image":"","background-repeat":"repeat","background-position":"center center","background-size":"auto","background-attachment":"scroll","background-type":"","background-media":"","overlay-type":"","overlay-color":"","overlay-opacity":"","overlay-gradient":""}},"ast-content-background-meta":{"desktop":{"background-color":"var(--ast-global-color-5)","background-image":"","background-repeat":"repeat","background-position":"center center","background-size":"auto","background-attachment":"scroll","background-type":"","background-media":"","overlay-type":"","overlay-color":"","overlay-opacity":"","overlay-gradient":""},"tablet":{"background-color":"var(--ast-global-color-5)","background-image":"","background-repeat":"repeat","background-position":"center center","background-size":"auto","background-attachment":"scroll","background-type":"","background-media":"","overlay-type":"","overlay-color":"","overlay-opacity":"","overlay-gradient":""},"mobile":{"background-color":"var(--ast-global-color-5)","background-image":"","background-repeat":"repeat","background-position":"center center","background-size":"auto","background-attachment":"scroll","background-type":"","background-media":"","overlay-type":"","overlay-color":"","overlay-opacity":"","overlay-gradient":""}},"footnotes":""},"class_list":["post-4450","page","type-page","status-publish","hentry"],"yoast_head":"<!-- This site is optimized with the Yoast SEO plugin v22.8 - https:\/\/yoast.com\/wordpress\/plugins\/seo\/ -->\n<title>24\/7 Office sisekorraeeskiri - 24\/7 Office<\/title>\n<meta name=\"robots\" content=\"index, follow, max-snippet:-1, max-image-preview:large, max-video-preview:-1\" \/>\n<link rel=\"canonical\" href=\"https:\/\/247office.ee\/en\/24-7-office-sissekorraeeskiri\/\" \/>\n<meta property=\"og:locale\" content=\"en_GB\" \/>\n<meta property=\"og:type\" content=\"article\" \/>\n<meta property=\"og:title\" content=\"24\/7 Office sisekorraeeskiri - 24\/7 Office\" \/>\n<meta property=\"og:url\" content=\"https:\/\/247office.ee\/en\/24-7-office-sissekorraeeskiri\/\" \/>\n<meta property=\"og:site_name\" content=\"24\/7 Office\" \/>\n<meta property=\"article:publisher\" content=\"https:\/\/www.facebook.com\/247office\" \/>\n<meta property=\"article:modified_time\" content=\"2022-11-11T13:06:33+00:00\" \/>\n<meta property=\"og:image\" content=\"https:\/\/247office.ee\/wp-content\/uploads\/2020\/02\/247_OFFICE_positiiv_horisontaal_logo-1024x282.png\" \/>\n<meta name=\"twitter:card\" content=\"summary_large_image\" \/>\n<meta name=\"twitter:label1\" content=\"Estimated reading time\" \/>\n\t<meta name=\"twitter:data1\" content=\"5 minutes\" \/>\n<script type=\"application\/ld+json\" class=\"yoast-schema-graph\">{\"@context\":\"https:\/\/schema.org\",\"@graph\":[{\"@type\":\"WebPage\",\"@id\":\"https:\/\/247office.ee\/24-7-office-sissekorraeeskiri\/\",\"url\":\"https:\/\/247office.ee\/24-7-office-sissekorraeeskiri\/\",\"name\":\"24\/7 Office sisekorraeeskiri - 24\/7 Office\",\"isPartOf\":{\"@id\":\"https:\/\/247office.ee\/#website\"},\"primaryImageOfPage\":{\"@id\":\"https:\/\/247office.ee\/24-7-office-sissekorraeeskiri\/#primaryimage\"},\"image\":{\"@id\":\"https:\/\/247office.ee\/24-7-office-sissekorraeeskiri\/#primaryimage\"},\"thumbnailUrl\":\"https:\/\/247office.ee\/wp-content\/uploads\/2020\/02\/247_OFFICE_positiiv_horisontaal_logo-1024x282.png\",\"datePublished\":\"2020-02-19T08:02:18+00:00\",\"dateModified\":\"2022-11-11T13:06:33+00:00\",\"breadcrumb\":{\"@id\":\"https:\/\/247office.ee\/24-7-office-sissekorraeeskiri\/#breadcrumb\"},\"inLanguage\":\"en-GB\",\"potentialAction\":[{\"@type\":\"ReadAction\",\"target\":[\"https:\/\/247office.ee\/24-7-office-sissekorraeeskiri\/\"]}]},{\"@type\":\"ImageObject\",\"inLanguage\":\"en-GB\",\"@id\":\"https:\/\/247office.ee\/24-7-office-sissekorraeeskiri\/#primaryimage\",\"url\":\"https:\/\/247office.ee\/wp-content\/uploads\/2020\/02\/247_OFFICE_positiiv_horisontaal_logo-1024x282.png\",\"contentUrl\":\"https:\/\/247office.ee\/wp-content\/uploads\/2020\/02\/247_OFFICE_positiiv_horisontaal_logo-1024x282.png\"},{\"@type\":\"BreadcrumbList\",\"@id\":\"https:\/\/247office.ee\/24-7-office-sissekorraeeskiri\/#breadcrumb\",\"itemListElement\":[{\"@type\":\"ListItem\",\"position\":1,\"name\":\"Home\",\"item\":\"https:\/\/247office.ee\/\"},{\"@type\":\"ListItem\",\"position\":2,\"name\":\"24\/7 Office sisekorraeeskiri\"}]},{\"@type\":\"WebSite\",\"@id\":\"https:\/\/247office.ee\/#website\",\"url\":\"https:\/\/247office.ee\/\",\"name\":\"24\/7 Office\",\"description\":\"coworking spaces\",\"publisher\":{\"@id\":\"https:\/\/247office.ee\/#organization\"},\"potentialAction\":[{\"@type\":\"SearchAction\",\"target\":{\"@type\":\"EntryPoint\",\"urlTemplate\":\"https:\/\/247office.ee\/?s={search_term_string}\"},\"query-input\":\"required name=search_term_string\"}],\"inLanguage\":\"en-GB\"},{\"@type\":\"Organization\",\"@id\":\"https:\/\/247office.ee\/#organization\",\"name\":\"24\/7 Office\",\"url\":\"https:\/\/247office.ee\/\",\"logo\":{\"@type\":\"ImageObject\",\"inLanguage\":\"en-GB\",\"@id\":\"https:\/\/247office.ee\/#\/schema\/logo\/image\/\",\"url\":\"https:\/\/247office.ee\/wp-content\/uploads\/2020\/02\/cropped-247_OFFICE_positiiv_pohilogo-scaled-1.jpg\",\"contentUrl\":\"https:\/\/247office.ee\/wp-content\/uploads\/2020\/02\/cropped-247_OFFICE_positiiv_pohilogo-scaled-1.jpg\",\"width\":512,\"height\":512,\"caption\":\"24\/7 Office\"},\"image\":{\"@id\":\"https:\/\/247office.ee\/#\/schema\/logo\/image\/\"},\"sameAs\":[\"https:\/\/www.facebook.com\/247office\",\"https:\/\/www.instagram.com\/247office\/\",\"https:\/\/www.linkedin.com\/company\/19207302\/admin\/\"]}]}<\/script>\n<!-- \/ Yoast SEO plugin. -->","yoast_head_json":{"title":"24\/7 Office sisekorraeeskiri - 24\/7 Office","robots":{"index":"index","follow":"follow","max-snippet":"max-snippet:-1","max-image-preview":"max-image-preview:large","max-video-preview":"max-video-preview:-1"},"canonical":"https:\/\/247office.ee\/en\/24-7-office-sissekorraeeskiri\/","og_locale":"en_GB","og_type":"article","og_title":"24\/7 Office sisekorraeeskiri - 24\/7 Office","og_url":"https:\/\/247office.ee\/en\/24-7-office-sissekorraeeskiri\/","og_site_name":"24\/7 Office","article_publisher":"https:\/\/www.facebook.com\/247office","article_modified_time":"2022-11-11T13:06:33+00:00","og_image":[{"url":"https:\/\/247office.ee\/wp-content\/uploads\/2020\/02\/247_OFFICE_positiiv_horisontaal_logo-1024x282.png"}],"twitter_card":"summary_large_image","twitter_misc":{"Estimated reading time":"5 minutes"},"schema":{"@context":"https:\/\/schema.org","@graph":[{"@type":"WebPage","@id":"https:\/\/247office.ee\/24-7-office-sissekorraeeskiri\/","url":"https:\/\/247office.ee\/24-7-office-sissekorraeeskiri\/","name":"24\/7 Office sisekorraeeskiri - 24\/7 Office","isPartOf":{"@id":"https:\/\/247office.ee\/#website"},"primaryImageOfPage":{"@id":"https:\/\/247office.ee\/24-7-office-sissekorraeeskiri\/#primaryimage"},"image":{"@id":"https:\/\/247office.ee\/24-7-office-sissekorraeeskiri\/#primaryimage"},"thumbnailUrl":"https:\/\/247office.ee\/wp-content\/uploads\/2020\/02\/247_OFFICE_positiiv_horisontaal_logo-1024x282.png","datePublished":"2020-02-19T08:02:18+00:00","dateModified":"2022-11-11T13:06:33+00:00","breadcrumb":{"@id":"https:\/\/247office.ee\/24-7-office-sissekorraeeskiri\/#breadcrumb"},"inLanguage":"en-GB","potentialAction":[{"@type":"ReadAction","target":["https:\/\/247office.ee\/24-7-office-sissekorraeeskiri\/"]}]},{"@type":"ImageObject","inLanguage":"en-GB","@id":"https:\/\/247office.ee\/24-7-office-sissekorraeeskiri\/#primaryimage","url":"https:\/\/247office.ee\/wp-content\/uploads\/2020\/02\/247_OFFICE_positiiv_horisontaal_logo-1024x282.png","contentUrl":"https:\/\/247office.ee\/wp-content\/uploads\/2020\/02\/247_OFFICE_positiiv_horisontaal_logo-1024x282.png"},{"@type":"BreadcrumbList","@id":"https:\/\/247office.ee\/24-7-office-sissekorraeeskiri\/#breadcrumb","itemListElement":[{"@type":"ListItem","position":1,"name":"Home","item":"https:\/\/247office.ee\/"},{"@type":"ListItem","position":2,"name":"24\/7 Office sisekorraeeskiri"}]},{"@type":"WebSite","@id":"https:\/\/247office.ee\/#website","url":"https:\/\/247office.ee\/","name":"24\/7 Office","description":"coworking spaces","publisher":{"@id":"https:\/\/247office.ee\/#organization"},"potentialAction":[{"@type":"SearchAction","target":{"@type":"EntryPoint","urlTemplate":"https:\/\/247office.ee\/?s={search_term_string}"},"query-input":"required name=search_term_string"}],"inLanguage":"en-GB"},{"@type":"Organization","@id":"https:\/\/247office.ee\/#organization","name":"24\/7 Office","url":"https:\/\/247office.ee\/","logo":{"@type":"ImageObject","inLanguage":"en-GB","@id":"https:\/\/247office.ee\/#\/schema\/logo\/image\/","url":"https:\/\/247office.ee\/wp-content\/uploads\/2020\/02\/cropped-247_OFFICE_positiiv_pohilogo-scaled-1.jpg","contentUrl":"https:\/\/247office.ee\/wp-content\/uploads\/2020\/02\/cropped-247_OFFICE_positiiv_pohilogo-scaled-1.jpg","width":512,"height":512,"caption":"24\/7 Office"},"image":{"@id":"https:\/\/247office.ee\/#\/schema\/logo\/image\/"},"sameAs":["https:\/\/www.facebook.com\/247office","https:\/\/www.instagram.com\/247office\/","https:\/\/www.linkedin.com\/company\/19207302\/admin\/"]}]}},"_links":{"self":[{"href":"https:\/\/247office.ee\/en\/wp-json\/wp\/v2\/pages\/4450","targetHints":{"allow":["GET"]}}],"collection":[{"href":"https:\/\/247office.ee\/en\/wp-json\/wp\/v2\/pages"}],"about":[{"href":"https:\/\/247office.ee\/en\/wp-json\/wp\/v2\/types\/page"}],"author":[{"embeddable":true,"href":"https:\/\/247office.ee\/en\/wp-json\/wp\/v2\/users\/1"}],"replies":[{"embeddable":true,"href":"https:\/\/247office.ee\/en\/wp-json\/wp\/v2\/comments?post=4450"}],"version-history":[{"count":4,"href":"https:\/\/247office.ee\/en\/wp-json\/wp\/v2\/pages\/4450\/revisions"}],"predecessor-version":[{"id":8279,"href":"https:\/\/247office.ee\/en\/wp-json\/wp\/v2\/pages\/4450\/revisions\/8279"}],"wp:attachment":[{"href":"https:\/\/247office.ee\/en\/wp-json\/wp\/v2\/media?parent=4450"}],"curies":[{"name":"wp","href":"https:\/\/api.w.org\/{rel}","templated":true}]}}