{"id":4455,"date":"2020-02-19T09:20:20","date_gmt":"2020-02-19T09:20:20","guid":{"rendered":"http:\/\/247office.ee\/?page_id=4455"},"modified":"2022-12-16T12:24:33","modified_gmt":"2022-12-16T12:24:33","slug":"coworking-piletite-ja-koolitustingimused","status":"publish","type":"page","link":"https:\/\/247office.ee\/en\/coworking-piletite-ja-koolitustingimused\/","title":{"rendered":"Coworking piletite ja koolituste m\u00fc\u00fcgitingimused"},"content":{"rendered":"<div id=\"wp-block-themeisle-blocks-advanced-columns-960a03f8\" class=\"wp-block-themeisle-blocks-advanced-columns has-1-columns has-desktop-equal-layout has-tablet-equal-layout has-mobile-equal-layout has-vertical-unset\"><div class=\"wp-block-themeisle-blocks-advanced-columns-overlay\"><\/div><div class=\"innerblocks-wrap\">\n<div id=\"wp-block-themeisle-blocks-advanced-column-e202a96b\" class=\"wp-block-themeisle-blocks-advanced-column\">\n<p>Koolitusti m\u00fc\u00fcva ja vahendava veebipoe omanik on 24\/7 Office O\u00dc\u00a0 (registrikood 16591546), asukohaga Vabaduse pst 174b, Tallinn, Harjumaa.<\/p>\n\n\n\n<p><strong>1. Definitsioonid<\/strong><\/p>\n\n\n\n<p>Klient \u2013 veebilehelt www.247office.ee koolituse pileti soetanud isik<\/p>\n\n\n\n<p>Korraldaja \u2013 24\/7 Office ehk koolituste korraldaja, kes vastutab k\u00f5igi \u00fcritusega seotud asjaolude eest, sh \u00fcrituse toimumise eest.<\/p>\n\n\n\n<p>Pilet \u2013 elektrooniline pilet, mis tagab selle ostjale \u00f5iguse sissep\u00e4\u00e4suks 24\/7 Office korraldatavatele koolitustele ja\/v\u00f5i \u00fchiskontori kasutamiseks.<\/p>\n\n\n\n<p><strong>2. M\u00fc\u00fcgilepingu kehtivus, kauba- ja hinnainfo<\/strong><\/p>\n\n\n\n<p>M\u00fc\u00fcgitingimused kehtivad Veebipoest koolitustel osalemis\u00f5iguse ostmisel.<br>Korraldatavate koolituste hinnad on m\u00e4rgitud toodete juurde.<\/p>\n\n\n\n<p><strong>3. Tellimuse vormistamine<\/strong><\/p>\n\n\n\n<p>Koolitusel osalemiseks v\u00f5i coworking pileti ostmiseks tuleb lisada soovitud pilet ostukorvi. Tellimuse vormistamiseks tuleb t\u00e4ita n\u00f5utud andmev\u00e4ljad. Seej\u00e4rel kuvatakse ekraanile tasu suurus, mille saab tasuda pangalingi kaudu v\u00f5i muu makselahenduse abil. Leping j\u00f5ustub alates tasumisele kuuluva summa laekumisest 24\/7 Office arvelduskontole.<\/p>\n\n\n\n<p>Registreerumiseks vajalikud isikuandmed on salastatud ega kuulu avalikustamisele. Interneti teel registreerudes saadetakse registreerujale hiljemalt viie t\u00f6\u00f6p\u00e4eva jooksul registreerimiskinnitus. Hiljemalt n\u00e4dal enne kursuse toimumist saadetakse kliendi e-mailile meeldetuletus koos kursust\/huvialaringi puudutava lisainfoga.&nbsp; Arve v\u00e4ljastatakse ka juriidilistele isikutele.<\/p>\n\n\n\n<p>Huvilistel on v\u00f5imalik kursustele registreeruda kuni \u00f5ppegruppi t\u00e4itumiseni. <\/p>\n\n\n\n<p><strong>4. Koolituse ja coworking piletite eest tasumine<\/strong><\/p>\n\n\n\n<p>Kliendil on \u00f5igus huvialaringi\/kursuse tegevusest osa v\u00f5tta juhul, kui ta on etten\u00e4htud t\u00e4htajaks tasunud \u00f5ppemaksu.<\/p>\n\n\n\n<p>L\u00e4bi pangalingi saab kauba eest tasuda kasutades j\u00e4rgmisi panku:<\/p>\n\n\n\n<figure class=\"wp-block-image\"><img decoding=\"async\" src=\"http:\/\/hammerhub.ee\/wp-content\/uploads\/2018\/10\/swedbank.png\" alt=\"\" class=\"wp-image-550\"\/><\/figure>\n\n\n\n<figure class=\"wp-block-image\"><img decoding=\"async\" src=\"http:\/\/hammerhub.ee\/wp-content\/uploads\/2018\/10\/lhv.png\" alt=\"\" class=\"wp-image-545\"\/><\/figure>\n\n\n\n<figure class=\"wp-block-image\"><img decoding=\"async\" src=\"http:\/\/hammerhub.ee\/wp-content\/uploads\/2018\/10\/danske.png\" alt=\"\" class=\"wp-image-544\"\/><\/figure>\n\n\n\n<figure class=\"wp-block-image\"><img decoding=\"async\" src=\"http:\/\/hammerhub.ee\/wp-content\/uploads\/2018\/10\/coop.png\" alt=\"\" class=\"wp-image-543\"\/><\/figure>\n\n\n\n<figure class=\"wp-block-image\"><img decoding=\"async\" src=\"http:\/\/hammerhub.ee\/wp-content\/uploads\/2018\/10\/pocopay.png\" alt=\"\" class=\"wp-image-548\"\/><\/figure>\n\n\n\n<figure class=\"wp-block-image\"><img decoding=\"async\" src=\"http:\/\/hammerhub.ee\/wp-content\/uploads\/2018\/10\/makselingi_logo_ilmataustata-300x122.png\" alt=\"\" class=\"wp-image-546\"\/><\/figure>\n\n\n\n<p>Soovi korral v\u00e4ljastatakse osalejatele ka arve \u2013 sel juhul tuleb oma osalussoovist teavitada 24\/7 Office \u00fchiskontorit l\u00e4bi e-maili\u00a0<a href=\"mailto:katre@hammerhead.ee\">i<\/a><a href=\"mailto:nfo@247office.ee\">nfo@247office.ee<\/a>. Sel juhul toimub tasumine panga\u00fclekandega vastavalt esitatud e-arvele. N\u00f5utud tasu peab olema tasutud enne koolituse algust, vastasel korral on 24\/7 Office \u00fchiskontoril \u00f5igus klient \u00f5ppegrupi nimekirjast kustutada.<\/p>\n\n\n\n<p>Kursuste eest tasutakse eurodes (\u20ac).<\/p>\n\n\n\n<p>24\/7 Office O\u00dc on\u00a0<a href=\"https:\/\/hammerhub.ee\/privaatsuspoliitika\/\">isikuandmete<\/a>\u00a0vastutav t\u00f6\u00f6tleja ning edastab maksete teostamiseks vajalikud isikuandmed volitatud t\u00f6\u00f6tleja Maksekeskus AS-le.<\/p>\n\n\n\n<p><strong>5. Koolituse \u00e4raj\u00e4\u00e4mine v\u00f5i toimumisaja muutmine<\/strong><\/p>\n\n\n\n<p>Juhul kui huvialaringi\/kursusele ei registreeru piisav arv osalejaid on korraldajatel \u00f5igus huvialaring\/kursus \u00e4ra j\u00e4tta. Sellisel juhul teavitatakse klienti antud otsusest hiljemalt kolm t\u00f6\u00f6p\u00e4eva enne huvialaringi\/kursuse algust kas e-maili v\u00f5i telefoni teel.<\/p>\n\n\n\n<p>Juba tasutud \u00f5ppemaks makstakse kliendile tagasi. Kliendi soovil on v\u00f5imalus kanda varasemalt tasutud \u00f5ppemaks ka \u00fcle m\u00f5nele teisele huvialaringile\/kursusele: olenevalt kliendi poolt v\u00e4lja valitud uue huvialaringi\/kursuse \u00f5ppemaksu suurusest sooritab klient 24\/7 Office \u00fchiskontorile e-arve alusel juurdemaksu v\u00f5i tagastab 24\/7 Office kliendile enammakstud summa.<\/p>\n\n\n\n<p><strong>6. Kursusest taganemine<\/strong><\/p>\n\n\n\n<p>P\u00e4rast koolitusele registreerumist on ostjal \u00f5igus registeeritud koolitusest loobuda juhul kui ta annab sellest tead v\u00e4hemalt 48 tundi enne koolituse algust.<\/p>\n\n\n\n<p>Koolitusest loobumiseks tuleb esitada kirjalik soov aadressile <a href=\"mailto:info@247office.ee\">info@247office.ee<\/a> v\u00e4hemalt 48 tundi enne koolituse algust.&nbsp;24\/7 Office  tagastab juba tasutud \u00f5ppemaksu ostjale viivitamata, kuid mitte hiljem kui 14 p\u00e4eva m\u00f6\u00f6dumisel arvates taganemisavalduse saamisest. 24\/7 Office ei ole kohustatud (koolitus)pileteid tagasi ostma v\u00f5i h\u00fcvitama kui klient ei andnud oma taganemissoovist \u00f5igeaegselt teada.<\/p>\n\n\n\n<p><strong>7. Vaidluste lahendamine<\/strong><\/p>\n\n\n\n<p>Kui ostjal on 24\/7 Office osas pretensioone, tuleb need saata e-kirja aadressile <a href=\"mailto:info@247office.ee\">info@247office.ee<\/a> v\u00f5i helistada telefonil +372 5635 2122.<\/p>\n\n\n\n<p>Kui ostja ja 24\/7 Office ei suuda lahenda vaidlust kokkuleppe teel, siis on ostjal v\u00f5imalik p\u00f6\u00f6rduda Tarbijavaidluste komisjoni poole. Menetlustingimustega saab tutvuda ning avaldust esitada&nbsp;<a href=\"https:\/\/komisjon.ee\/et\">siin<\/a>. Tarbijavaidluste komisjoni p\u00e4devuses on lahendada ostja ja Veebipoe vahel s\u00f5lmitud lepingust tulenevaid vaidlusi. Ostja kaebuse l\u00e4bivaatamine komisjonis on tasuta.<\/p>\n\n\n\n<p>Ostja v\u00f5ib p\u00f6\u00f6rduda Euroopa Liidu tarbijavaidlusi lahendava&nbsp;<a href=\"https:\/\/ec.europa.eu\/consumers\/odr\/main\/index.cfm?event=main.home.chooseLanguage\">platvormi poole<\/a>.<\/p>\n<\/div>\n<\/div><\/div>","protected":false},"excerpt":{"rendered":"","protected":false},"author":1,"featured_media":0,"parent":0,"menu_order":0,"comment_status":"closed","ping_status":"closed","template":"","meta":{"site-sidebar-layout":"default","site-content-layout":"","ast-site-content-layout":"","site-content-style":"default","site-sidebar-style":"default","ast-global-header-display":"","ast-banner-title-visibility":"","ast-main-header-display":"","ast-hfb-above-header-display":"","ast-hfb-below-header-display":"","ast-hfb-mobile-header-display":"","site-post-title":"","ast-breadcrumbs-content":"","ast-featured-img":"","footer-sml-layout":"","theme-transparent-header-meta":"","adv-header-id-meta":"","stick-header-meta":"","header-above-stick-meta":"","header-main-stick-meta":"","header-below-stick-meta":"","astra-migrate-meta-layouts":"default","ast-page-background-enabled":"default","ast-page-background-meta":{"desktop":{"background-color":"","background-image":"","background-repeat":"repeat","background-position":"center center","background-size":"auto","background-attachment":"scroll","background-type":"","background-media":"","overlay-type":"","overlay-color":"","overlay-opacity":"","overlay-gradient":""},"tablet":{"background-color":"","background-image":"","background-repeat":"repeat","background-position":"center center","background-size":"auto","background-attachment":"scroll","background-type":"","background-media":"","overlay-type":"","overlay-color":"","overlay-opacity":"","overlay-gradient":""},"mobile":{"background-color":"","background-image":"","background-repeat":"repeat","background-position":"center center","background-size":"auto","background-attachment":"scroll","background-type":"","background-media":"","overlay-type":"","overlay-color":"","overlay-opacity":"","overlay-gradient":""}},"ast-content-background-meta":{"desktop":{"background-color":"var(--ast-global-color-5)","background-image":"","background-repeat":"repeat","background-position":"center center","background-size":"auto","background-attachment":"scroll","background-type":"","background-media":"","overlay-type":"","overlay-color":"","overlay-opacity":"","overlay-gradient":""},"tablet":{"background-color":"var(--ast-global-color-5)","background-image":"","background-repeat":"repeat","background-position":"center center","background-size":"auto","background-attachment":"scroll","background-type":"","background-media":"","overlay-type":"","overlay-color":"","overlay-opacity":"","overlay-gradient":""},"mobile":{"background-color":"var(--ast-global-color-5)","background-image":"","background-repeat":"repeat","background-position":"center center","background-size":"auto","background-attachment":"scroll","background-type":"","background-media":"","overlay-type":"","overlay-color":"","overlay-opacity":"","overlay-gradient":""}},"footnotes":""},"class_list":["post-4455","page","type-page","status-publish","hentry"],"yoast_head":"<!-- This site is optimized with the Yoast SEO plugin v22.8 - https:\/\/yoast.com\/wordpress\/plugins\/seo\/ -->\n<title>Coworking piletite ja koolituste m\u00fc\u00fcgitingimused - 24\/7 Office<\/title>\n<meta name=\"robots\" content=\"index, follow, max-snippet:-1, max-image-preview:large, max-video-preview:-1\" \/>\n<link rel=\"canonical\" href=\"https:\/\/247office.ee\/en\/coworking-piletite-ja-koolitustingimused\/\" \/>\n<meta property=\"og:locale\" content=\"en_GB\" \/>\n<meta property=\"og:type\" content=\"article\" \/>\n<meta property=\"og:title\" content=\"Coworking piletite ja koolituste m\u00fc\u00fcgitingimused - 24\/7 Office\" \/>\n<meta property=\"og:url\" content=\"https:\/\/247office.ee\/en\/coworking-piletite-ja-koolitustingimused\/\" \/>\n<meta property=\"og:site_name\" content=\"24\/7 Office\" \/>\n<meta property=\"article:publisher\" content=\"https:\/\/www.facebook.com\/247office\" \/>\n<meta property=\"article:modified_time\" content=\"2022-12-16T12:24:33+00:00\" \/>\n<meta property=\"og:image\" content=\"http:\/\/hammerhub.ee\/wp-content\/uploads\/2018\/10\/swedbank.png\" \/>\n<meta name=\"twitter:card\" content=\"summary_large_image\" \/>\n<meta name=\"twitter:label1\" content=\"Estimated reading time\" \/>\n\t<meta name=\"twitter:data1\" content=\"4 minutes\" \/>\n<script type=\"application\/ld+json\" class=\"yoast-schema-graph\">{\"@context\":\"https:\/\/schema.org\",\"@graph\":[{\"@type\":\"WebPage\",\"@id\":\"https:\/\/247office.ee\/coworking-piletite-ja-koolitustingimused\/\",\"url\":\"https:\/\/247office.ee\/coworking-piletite-ja-koolitustingimused\/\",\"name\":\"Coworking piletite ja koolituste m\u00fc\u00fcgitingimused - 24\/7 Office\",\"isPartOf\":{\"@id\":\"https:\/\/247office.ee\/#website\"},\"primaryImageOfPage\":{\"@id\":\"https:\/\/247office.ee\/coworking-piletite-ja-koolitustingimused\/#primaryimage\"},\"image\":{\"@id\":\"https:\/\/247office.ee\/coworking-piletite-ja-koolitustingimused\/#primaryimage\"},\"thumbnailUrl\":\"http:\/\/hammerhub.ee\/wp-content\/uploads\/2018\/10\/swedbank.png\",\"datePublished\":\"2020-02-19T09:20:20+00:00\",\"dateModified\":\"2022-12-16T12:24:33+00:00\",\"breadcrumb\":{\"@id\":\"https:\/\/247office.ee\/coworking-piletite-ja-koolitustingimused\/#breadcrumb\"},\"inLanguage\":\"en-GB\",\"potentialAction\":[{\"@type\":\"ReadAction\",\"target\":[\"https:\/\/247office.ee\/coworking-piletite-ja-koolitustingimused\/\"]}]},{\"@type\":\"ImageObject\",\"inLanguage\":\"en-GB\",\"@id\":\"https:\/\/247office.ee\/coworking-piletite-ja-koolitustingimused\/#primaryimage\",\"url\":\"http:\/\/hammerhub.ee\/wp-content\/uploads\/2018\/10\/swedbank.png\",\"contentUrl\":\"http:\/\/hammerhub.ee\/wp-content\/uploads\/2018\/10\/swedbank.png\"},{\"@type\":\"BreadcrumbList\",\"@id\":\"https:\/\/247office.ee\/coworking-piletite-ja-koolitustingimused\/#breadcrumb\",\"itemListElement\":[{\"@type\":\"ListItem\",\"position\":1,\"name\":\"Home\",\"item\":\"https:\/\/247office.ee\/\"},{\"@type\":\"ListItem\",\"position\":2,\"name\":\"Coworking piletite ja koolituste m\u00fc\u00fcgitingimused\"}]},{\"@type\":\"WebSite\",\"@id\":\"https:\/\/247office.ee\/#website\",\"url\":\"https:\/\/247office.ee\/\",\"name\":\"24\/7 Office\",\"description\":\"coworking spaces\",\"publisher\":{\"@id\":\"https:\/\/247office.ee\/#organization\"},\"potentialAction\":[{\"@type\":\"SearchAction\",\"target\":{\"@type\":\"EntryPoint\",\"urlTemplate\":\"https:\/\/247office.ee\/?s={search_term_string}\"},\"query-input\":\"required name=search_term_string\"}],\"inLanguage\":\"en-GB\"},{\"@type\":\"Organization\",\"@id\":\"https:\/\/247office.ee\/#organization\",\"name\":\"24\/7 Office\",\"url\":\"https:\/\/247office.ee\/\",\"logo\":{\"@type\":\"ImageObject\",\"inLanguage\":\"en-GB\",\"@id\":\"https:\/\/247office.ee\/#\/schema\/logo\/image\/\",\"url\":\"https:\/\/247office.ee\/wp-content\/uploads\/2020\/02\/cropped-247_OFFICE_positiiv_pohilogo-scaled-1.jpg\",\"contentUrl\":\"https:\/\/247office.ee\/wp-content\/uploads\/2020\/02\/cropped-247_OFFICE_positiiv_pohilogo-scaled-1.jpg\",\"width\":512,\"height\":512,\"caption\":\"24\/7 Office\"},\"image\":{\"@id\":\"https:\/\/247office.ee\/#\/schema\/logo\/image\/\"},\"sameAs\":[\"https:\/\/www.facebook.com\/247office\",\"https:\/\/www.instagram.com\/247office\/\",\"https:\/\/www.linkedin.com\/company\/19207302\/admin\/\"]}]}<\/script>\n<!-- \/ Yoast SEO plugin. -->","yoast_head_json":{"title":"Coworking piletite ja koolituste m\u00fc\u00fcgitingimused - 24\/7 Office","robots":{"index":"index","follow":"follow","max-snippet":"max-snippet:-1","max-image-preview":"max-image-preview:large","max-video-preview":"max-video-preview:-1"},"canonical":"https:\/\/247office.ee\/en\/coworking-piletite-ja-koolitustingimused\/","og_locale":"en_GB","og_type":"article","og_title":"Coworking piletite ja koolituste m\u00fc\u00fcgitingimused - 24\/7 Office","og_url":"https:\/\/247office.ee\/en\/coworking-piletite-ja-koolitustingimused\/","og_site_name":"24\/7 Office","article_publisher":"https:\/\/www.facebook.com\/247office","article_modified_time":"2022-12-16T12:24:33+00:00","og_image":[{"url":"http:\/\/hammerhub.ee\/wp-content\/uploads\/2018\/10\/swedbank.png"}],"twitter_card":"summary_large_image","twitter_misc":{"Estimated reading time":"4 minutes"},"schema":{"@context":"https:\/\/schema.org","@graph":[{"@type":"WebPage","@id":"https:\/\/247office.ee\/coworking-piletite-ja-koolitustingimused\/","url":"https:\/\/247office.ee\/coworking-piletite-ja-koolitustingimused\/","name":"Coworking piletite ja koolituste m\u00fc\u00fcgitingimused - 24\/7 Office","isPartOf":{"@id":"https:\/\/247office.ee\/#website"},"primaryImageOfPage":{"@id":"https:\/\/247office.ee\/coworking-piletite-ja-koolitustingimused\/#primaryimage"},"image":{"@id":"https:\/\/247office.ee\/coworking-piletite-ja-koolitustingimused\/#primaryimage"},"thumbnailUrl":"http:\/\/hammerhub.ee\/wp-content\/uploads\/2018\/10\/swedbank.png","datePublished":"2020-02-19T09:20:20+00:00","dateModified":"2022-12-16T12:24:33+00:00","breadcrumb":{"@id":"https:\/\/247office.ee\/coworking-piletite-ja-koolitustingimused\/#breadcrumb"},"inLanguage":"en-GB","potentialAction":[{"@type":"ReadAction","target":["https:\/\/247office.ee\/coworking-piletite-ja-koolitustingimused\/"]}]},{"@type":"ImageObject","inLanguage":"en-GB","@id":"https:\/\/247office.ee\/coworking-piletite-ja-koolitustingimused\/#primaryimage","url":"http:\/\/hammerhub.ee\/wp-content\/uploads\/2018\/10\/swedbank.png","contentUrl":"http:\/\/hammerhub.ee\/wp-content\/uploads\/2018\/10\/swedbank.png"},{"@type":"BreadcrumbList","@id":"https:\/\/247office.ee\/coworking-piletite-ja-koolitustingimused\/#breadcrumb","itemListElement":[{"@type":"ListItem","position":1,"name":"Home","item":"https:\/\/247office.ee\/"},{"@type":"ListItem","position":2,"name":"Coworking piletite ja koolituste m\u00fc\u00fcgitingimused"}]},{"@type":"WebSite","@id":"https:\/\/247office.ee\/#website","url":"https:\/\/247office.ee\/","name":"24\/7 Office","description":"coworking spaces","publisher":{"@id":"https:\/\/247office.ee\/#organization"},"potentialAction":[{"@type":"SearchAction","target":{"@type":"EntryPoint","urlTemplate":"https:\/\/247office.ee\/?s={search_term_string}"},"query-input":"required name=search_term_string"}],"inLanguage":"en-GB"},{"@type":"Organization","@id":"https:\/\/247office.ee\/#organization","name":"24\/7 Office","url":"https:\/\/247office.ee\/","logo":{"@type":"ImageObject","inLanguage":"en-GB","@id":"https:\/\/247office.ee\/#\/schema\/logo\/image\/","url":"https:\/\/247office.ee\/wp-content\/uploads\/2020\/02\/cropped-247_OFFICE_positiiv_pohilogo-scaled-1.jpg","contentUrl":"https:\/\/247office.ee\/wp-content\/uploads\/2020\/02\/cropped-247_OFFICE_positiiv_pohilogo-scaled-1.jpg","width":512,"height":512,"caption":"24\/7 Office"},"image":{"@id":"https:\/\/247office.ee\/#\/schema\/logo\/image\/"},"sameAs":["https:\/\/www.facebook.com\/247office","https:\/\/www.instagram.com\/247office\/","https:\/\/www.linkedin.com\/company\/19207302\/admin\/"]}]}},"_links":{"self":[{"href":"https:\/\/247office.ee\/en\/wp-json\/wp\/v2\/pages\/4455","targetHints":{"allow":["GET"]}}],"collection":[{"href":"https:\/\/247office.ee\/en\/wp-json\/wp\/v2\/pages"}],"about":[{"href":"https:\/\/247office.ee\/en\/wp-json\/wp\/v2\/types\/page"}],"author":[{"embeddable":true,"href":"https:\/\/247office.ee\/en\/wp-json\/wp\/v2\/users\/1"}],"replies":[{"embeddable":true,"href":"https:\/\/247office.ee\/en\/wp-json\/wp\/v2\/comments?post=4455"}],"version-history":[{"count":5,"href":"https:\/\/247office.ee\/en\/wp-json\/wp\/v2\/pages\/4455\/revisions"}],"predecessor-version":[{"id":8289,"href":"https:\/\/247office.ee\/en\/wp-json\/wp\/v2\/pages\/4455\/revisions\/8289"}],"wp:attachment":[{"href":"https:\/\/247office.ee\/en\/wp-json\/wp\/v2\/media?parent=4455"}],"curies":[{"name":"wp","href":"https:\/\/api.w.org\/{rel}","templated":true}]}}