{"id":4487,"date":"2020-02-19T11:30:03","date_gmt":"2020-02-19T11:30:03","guid":{"rendered":"http:\/\/247office.ee\/?page_id=4487"},"modified":"2020-08-21T08:05:28","modified_gmt":"2020-08-21T08:05:28","slug":"virtuaalkontori-teenuste-osutamise-uldtingimused","status":"publish","type":"page","link":"https:\/\/247office.ee\/en\/virtuaalkontori-teenuste-osutamise-uldtingimused\/","title":{"rendered":"Virtuaalkontori teenuste osutamise \u00fcldtingimused"},"content":{"rendered":"<div class=\"wp-block-themeisle-blocks-advanced-columns has-1-columns has-desktop-equal-layout has-tablet-equal-layout has-mobile-equal-layout has-default-gap has-vertical-unset\" id=\"wp-block-themeisle-blocks-advanced-columns-9cc3fd46\"><div class=\"wp-block-themeisle-blocks-advanced-columns-overlay\"><\/div><div class=\"innerblocks-wrap\">\n<div class=\"wp-block-themeisle-blocks-advanced-column\" id=\"wp-block-themeisle-blocks-advanced-column-f74aa5e9\">\n<p><strong>24\/7 Office virtuaalkontori teenuste osutamise \u00fcldtingimused<\/strong><\/p>\n\n\n\n<ol class=\"wp-block-list\" type=\"1\"><li><strong>\u00dclds\u00e4tted<\/strong><\/li><\/ol>\n\n\n\n<ol class=\"wp-block-list\" type=\"1\"><li>K\u00e4esolevad virtuaalkontori teenuste (edaspidi Teenused) osutamise \u00fcldtingimused (edaspidi \u00dcldtingimused) on siduvad k\u00f5igile, kes s\u00f5lmivad Hammerhead O\u00dc-ga, registrikood 11592452, (edaspidi 24\/7 Office) 24\/7 Office virtuaalkontori teenuste osutamise lepingu. \u00dcldtingimused on siduvad alates Lepingu s\u00f5lmimisest kuni k\u00f5igi Teenuste tarbimisega seotud kohustuste t\u00e4itmiseni 24\/7 Office ees.<ol><li>Teenuste t\u00e4pne sisu ja muud Teenustega seotud eritingimused s\u00e4testatakse 24\/7 Office &nbsp;ja Teenuste tarbija (edaspidi Klient) vahel s\u00f5lmitavas lepingus (edaspidi Leping).<\/li><\/ol><ol><li>Klient kasutab Teenuseid \u00fcksnes seaduslikel eesm\u00e4rkidel koosk\u00f5las kohalduvate \u00f5igusaktidega, Lepingu ja \u00dcldtingimustega.<strong><\/strong><\/li><\/ol><ol><li>24\/7 Office\u2019il on \u00f5igus \u00dcldtingimusi igal ajal \u00fchepoolselt muuta teavitades \u00dcldtingimuste muutmisest Klienti v\u00e4hemalt kaks (2) n\u00e4dalat ette. Muudetud \u00dcldtingimustega mitten\u00f5ustumisel on Kliendil \u00f5igus Leping \u00fcles \u00f6elda, teatades sellest e-kirja teel v\u00e4hemalt \u00fcks (1) kalendrikuu ette. Juhul, kui Klient k\u00e4esolevas punktis s\u00e4testatud korras Lepingut \u00fcles ei ole \u00f6elnud, loetakse Klient muudatustega n\u00f5ustunuks ning Kliendi suhtes kohalduvad kehtivas redaktsioonis \u00dcldtingimused.<\/li><\/ol><ol><li>24\/7 Office kogub ja t\u00f6\u00f6tleb Kliendi isikuandmeid ulatuses, milles see on vajalik Lepingust ja \u00dcldtingimustest tulenevate kohustuste t\u00e4itmiseks Kliendi ees ning rahapesu ja terrorismi rahastamise t\u00f5kestamise seadusest ja teistest kohalduvatest \u00f5igusaktidest tulenevate kohustuste t\u00e4itmiseks.<\/li><\/ol><\/li><\/ol>\n\n\n\n<ul class=\"wp-block-list\"><li><strong>Teenuste sisu ja Teenuste osutamise tingimused<\/strong><\/li><\/ul>\n\n\n\n<ul class=\"wp-block-list\"><li>24\/7 Office poolt pakutavate Teenuste sisu ja maht n\u00e4htub veebilehelt: https:\/\/247office.ee\/virtuaalkontor\/<\/li><\/ul>\n\n\n\n<p>Kliendi poolt valitud Teenuste pakett ja selle maksumus s\u00e4testatakse Lepingus.<\/p>\n\n\n\n<ul class=\"wp-block-list\"><li>Teenuste osutamise asukohaks on Vabaduse pst 174b, 10917 Tallinn.<ul><li>Klient tasub Lepingu punktis 2.1 nimetatud Teenuste eest 24\/7 Office poolt esitatava arve alusel. Arved esitatakse kolm korda aasas nelja kuu eest ettemaksuna. Arve tasumise t\u00e4htaeg on 7 (seitse) t\u00f6\u00f6p\u00e4eva alates arve v\u00e4ljastamisest.<\/li><\/ul><ul><li>Kliendil on \u00f5igus tellida 24\/7 Office veebilehel loetletud lisateenuseid vastavalt 24\/7 Office kehtivale hinnakirjale. Tellimus esitatakse 24\/7 Office\u2019le e-kirja teel ning lisateenuseid on v\u00f5imalik tarbida p\u00e4rast 24\/7 Office poolt lisateenuste eest v\u00e4ljastatud t\u00e4iendava arve tasumist.<\/li><\/ul><ul><li>24\/7 Office poolt esitatud esimese arve tasumine on Lepingu j\u00f5ustumise eelduseks.<\/li><\/ul><ul><li>24\/7 Office\u2019il on igal ajal \u00f5igus \u00fchepoolselt muuta 24\/7 Office poolt osutatavate teenuste hinnakirja teavitades sellest Klienti e-kirja teel v\u00e4hemalt \u00fcks (1) kuu ette. Juhul, kui Klient uue hinnakirjaga ei n\u00f5ustu, on Kliendil \u00f5igus Leping 1-kuulise etteteatamist\u00e4htajaga \u00fcles \u00f6elda. Juhul, kui Klient nimetatud t\u00e4htaja jooksul Lepingut \u00fcles ei \u00fctle, muutub muudetud hinnakiri Kliendi jaoks siduvaks.<\/li><\/ul><ul><li>Arvete tasumisega viivitamise korral tasub Klient 24\/7 Office\u2019ile viivist arvestusega 0,05 % p\u00e4evas.<\/li><\/ul><\/li><\/ul>\n\n\n\n<ul class=\"wp-block-list\"><li><strong>Lepingu kehtivus ja l\u00f5ppemine<\/strong><strong><\/strong><\/li><\/ul>\n\n\n\n<ul class=\"wp-block-list\"><li>Leping s\u00f5lmitakse t\u00e4htajatult. Pooltel on \u00f5igus Leping igal ajal s\u00f5ltumata p\u00f5hjusest \u00fcles \u00f6elda teatades sellest teisele Poolele v\u00e4hemalt 1 (\u00fcks) kuu ette. Juhul, kui Klient \u00fctleb Lepingu \u00fcles, ei kuulu Kliendi poolt ettemaksuna tasutud summad tagastamisele.<ul><li>Klient kohustub Lepingu l\u00f5ppemise p\u00e4eval muutma oma aadressi k\u00f5ikides registrites (sh \u00e4riregister), andmebaasides ja veebilehtedel, kus Klient on avaldanud Lepingu alusel kasutatava aadressi, ning saatma teavituse aadressi muudatusest k\u00f5ikidele isikutele, kellele Klient on avaldanud Lepingu punktis 2.2. nimetatud aadressi oma asukohana.<\/li><\/ul><ul><li>Juhul, kui Klient ei ole 2 (kahe) n\u00e4dala jooksul p\u00e4rast Lepingu l\u00f5ppemist teinud punktis 3.2. nimetatud muudatusi ning Kliendi nimele saabub 2 (kahe) n\u00e4dala m\u00f6\u00f6dudes Lepingu l\u00f5ppemisest mistahes saadetisi, kohustub Klient tasuma 24\/7 Office\u2019ile leppetrahvi 5 (viis) eurot \u00fche saadetise kohta. Juhul, kui Klient ei ole teinud punktis 3.2. nimetatud muudatusi 2 (kahe) kuu m\u00f6\u00f6dudes Lepingu l\u00f5ppemisest, kohustub Klient tasuma 24\/7 Office\u2019ile leppetrahvina t\u00e4iendavalt Lepingus s\u00e4testatud \u00fche (1) aasta tasule vastava summa.<\/li><\/ul><ul><li>Lepingu l\u00f5ppemise p\u00e4evale j\u00e4rgnevast p\u00e4evast puuduvad 24\/7 Office\u2019il Kliendi ees mistahes kohustused v\u00e4lja arvatud juhul, kui saabunud saadetise postitamise kuup\u00e4eval Leping kehtis. Juhul, kui saadetis on postitatud Lepingu kehtivusajal, edastab 24\/7 Office Kliendile \u00dcldtingimuste punktis 4.2. nimetatud teavituse ning Klient kohustub saadetisele ise j\u00e4rgi tulema v\u00e4lja arvatud juhul, kui Pooled teisiti kokku lepivad.<\/li><\/ul><\/li><\/ul>\n\n\n\n<ul class=\"wp-block-list\"><li><strong>Saadetiste k\u00e4ttetoimetamine Kliendile<\/strong><\/li><\/ul>\n\n\n\n<ul class=\"wp-block-list\"><li>Klient avaldab Lepingus kontaktandmed, mida 24\/7 Office kasutab Lepingu t\u00e4itmiseks. Klient kohustub teavitama 24\/7 Office\u2019i kontaktandmete muutumisest hiljemalt viie (5) t\u00f6\u00f6p\u00e4eva jooksul.<ul><li>Saadetise saabumisel Kliendile saadab 24\/7 Office Kliendile hiljemalt 2 (kahe) t\u00f6\u00f6p\u00e4eva jooksul e-kirja teel teatise, milles avaldab saadetise saatja andmed ning saabumise kuup\u00e4eva. Kliendil on \u00f5igus saada saadetis k\u00e4tte \u00dcldtingimuste punktis 2.2. nimetatud asukohas t\u00f6\u00f6p\u00e4evadel kell 9.00 \u2013 17.00 v\u00f5i muul viisil juhul, kui pooled on selles eraldiseisvalt kokku leppinud.<\/li><\/ul><ul><li>Juhul, kui pooled lepivad kokku saadetise edastamises posti teel v\u00f5i kulleriga, kohustub Klient enne saadetise edastamist tasuma 24\/7 Office poolt edastatud arve alusel saadetise edastamise kulu. Juhul, kui Klient arvet ei tasu, kohaldub saadetise k\u00e4ttetoimetamisele \u00dcldtingimuste punkt 4.2.<\/li><\/ul><ul><li>24\/7 Office v\u00f5ib edastada saadetise Kliendile ka sk\u00e4nnerituna e-kirja teel juhul, kui see on saadetise olemusest tulenevalt 24\/7 Office\u2019i hinnangul m\u00f5istlik ning Klient annab selleks eelnevalt n\u00f5usoleku kirjalikku taasesitamist v\u00f5imaldavas vormis.<\/li><\/ul><ul><li>Juhul, kui Kliendist tingituna ei ole saadetised Kliendile \u00fcle antud hiljemalt 6 (kuue) kuu jooksul alates saadetise saabumisest, on 24\/7 Office\u2019il \u00f5igus saadetised Kliendi kulul h\u00e4vitada v\u00f5i hoiustada.<\/li><\/ul><ul><li>Kliendil ei ole \u00f5igust esitada 24\/7 Office vastu mistahes n\u00f5udeid juhul, kui saadetise \u00fcleandmise ei ole \u00f5nnestunud Kliendist tingituna, mh. juhul, kui t\u00e4hitud kirjaga edastatud saadetis tagastatakse 24\/7 Office\u2019ile.&nbsp;<\/li><\/ul><ul><li>S\u00f5ltumata punktis 4.6. s\u00e4testatust on 24\/7 Office koguvastutus Kliendi ees piiratud Lepingus s\u00e4testatud \u00fchele kalendriaastale vastava tasuga.<\/li><\/ul><\/li><\/ul>\n\n\n\n<ul class=\"wp-block-list\"><li><strong>L\u00f5pps\u00e4tted<\/strong><strong><\/strong><\/li><\/ul>\n\n\n\n<ul class=\"wp-block-list\"><li>Lepingu t\u00e4itmisega seotud Pooltele teatavaks saanud informatsioon (sh saadetiste sisu), samuti Lepingus sisalduvad andmed on konfidentsiaalsed ja ei kuulu avaldamisele kolmandatele isikutele.<ul><li>Kliendil ei ole \u00f5igust Lepingust tulenevaid \u00f5igusi ja kohustusi loovutada mistahes kolmandale isikule 24\/7 Office eelneva kirjaliku n\u00f5usolekuta.<\/li><\/ul><ul><li>Lepingu ja selle t\u00e4itmisega seotud v\u00f5imalikud erimeelsused lahendatakse l\u00e4bir\u00e4\u00e4kimiste teel. L\u00e4bir\u00e4\u00e4kimiste eba\u00f5nnestumise korral lahendatakse vaidlused Harju Maakohtus.<\/li><\/ul><\/li><\/ul>\n<\/div>\n<\/div><\/div>","protected":false},"excerpt":{"rendered":"","protected":false},"author":1,"featured_media":0,"parent":0,"menu_order":0,"comment_status":"closed","ping_status":"closed","template":"","meta":{"site-sidebar-layout":"default","site-content-layout":"","ast-site-content-layout":"","site-content-style":"default","site-sidebar-style":"default","ast-global-header-display":"","ast-banner-title-visibility":"","ast-main-header-display":"","ast-hfb-above-header-display":"","ast-hfb-below-header-display":"","ast-hfb-mobile-header-display":"","site-post-title":"","ast-breadcrumbs-content":"","ast-featured-img":"","footer-sml-layout":"","theme-transparent-header-meta":"","adv-header-id-meta":"","stick-header-meta":"","header-above-stick-meta":"","header-main-stick-meta":"","header-below-stick-meta":"","astra-migrate-meta-layouts":"default","ast-page-background-enabled":"default","ast-page-background-meta":{"desktop":{"background-color":"","background-image":"","background-repeat":"repeat","background-position":"center center","background-size":"auto","background-attachment":"scroll","background-type":"","background-media":"","overlay-type":"","overlay-color":"","overlay-opacity":"","overlay-gradient":""},"tablet":{"background-color":"","background-image":"","background-repeat":"repeat","background-position":"center center","background-size":"auto","background-attachment":"scroll","background-type":"","background-media":"","overlay-type":"","overlay-color":"","overlay-opacity":"","overlay-gradient":""},"mobile":{"background-color":"","background-image":"","background-repeat":"repeat","background-position":"center center","background-size":"auto","background-attachment":"scroll","background-type":"","background-media":"","overlay-type":"","overlay-color":"","overlay-opacity":"","overlay-gradient":""}},"ast-content-background-meta":{"desktop":{"background-color":"var(--ast-global-color-5)","background-image":"","background-repeat":"repeat","background-position":"center center","background-size":"auto","background-attachment":"scroll","background-type":"","background-media":"","overlay-type":"","overlay-color":"","overlay-opacity":"","overlay-gradient":""},"tablet":{"background-color":"var(--ast-global-color-5)","background-image":"","background-repeat":"repeat","background-position":"center center","background-size":"auto","background-attachment":"scroll","background-type":"","background-media":"","overlay-type":"","overlay-color":"","overlay-opacity":"","overlay-gradient":""},"mobile":{"background-color":"var(--ast-global-color-5)","background-image":"","background-repeat":"repeat","background-position":"center center","background-size":"auto","background-attachment":"scroll","background-type":"","background-media":"","overlay-type":"","overlay-color":"","overlay-opacity":"","overlay-gradient":""}},"footnotes":""},"class_list":["post-4487","page","type-page","status-publish","hentry"],"yoast_head":"<!-- This site is optimized with the Yoast SEO plugin v22.8 - https:\/\/yoast.com\/wordpress\/plugins\/seo\/ -->\n<title>Virtuaalkontori teenuste osutamise \u00fcldtingimused - 24\/7 Office<\/title>\n<meta name=\"robots\" content=\"index, follow, max-snippet:-1, max-image-preview:large, max-video-preview:-1\" \/>\n<link rel=\"canonical\" href=\"https:\/\/247office.ee\/en\/virtuaalkontori-teenuste-osutamise-uldtingimused\/\" \/>\n<meta property=\"og:locale\" content=\"en_GB\" \/>\n<meta property=\"og:type\" content=\"article\" \/>\n<meta property=\"og:title\" content=\"Virtuaalkontori teenuste osutamise \u00fcldtingimused - 24\/7 Office\" \/>\n<meta property=\"og:url\" content=\"https:\/\/247office.ee\/en\/virtuaalkontori-teenuste-osutamise-uldtingimused\/\" \/>\n<meta property=\"og:site_name\" content=\"24\/7 Office\" \/>\n<meta property=\"article:publisher\" content=\"https:\/\/www.facebook.com\/247office\" \/>\n<meta property=\"article:modified_time\" content=\"2020-08-21T08:05:28+00:00\" \/>\n<meta property=\"og:image\" content=\"https:\/\/247office.ee\/wp-content\/uploads\/2020\/02\/cropped-247_OFFICE_positiiv_pohilogo-scaled-1.jpg\" \/>\n\t<meta property=\"og:image:width\" content=\"512\" \/>\n\t<meta property=\"og:image:height\" content=\"512\" \/>\n\t<meta property=\"og:image:type\" content=\"image\/jpeg\" \/>\n<meta name=\"twitter:card\" content=\"summary_large_image\" \/>\n<meta name=\"twitter:label1\" content=\"Estimated reading time\" \/>\n\t<meta name=\"twitter:data1\" content=\"5 minutes\" \/>\n<script type=\"application\/ld+json\" class=\"yoast-schema-graph\">{\"@context\":\"https:\/\/schema.org\",\"@graph\":[{\"@type\":\"WebPage\",\"@id\":\"https:\/\/247office.ee\/en\/virtuaalkontori-teenuste-osutamise-uldtingimused\/\",\"url\":\"https:\/\/247office.ee\/en\/virtuaalkontori-teenuste-osutamise-uldtingimused\/\",\"name\":\"Virtuaalkontori teenuste osutamise \u00fcldtingimused - 24\/7 Office\",\"isPartOf\":{\"@id\":\"https:\/\/247office.ee\/#website\"},\"datePublished\":\"2020-02-19T11:30:03+00:00\",\"dateModified\":\"2020-08-21T08:05:28+00:00\",\"breadcrumb\":{\"@id\":\"https:\/\/247office.ee\/en\/virtuaalkontori-teenuste-osutamise-uldtingimused\/#breadcrumb\"},\"inLanguage\":\"en-GB\",\"potentialAction\":[{\"@type\":\"ReadAction\",\"target\":[\"https:\/\/247office.ee\/en\/virtuaalkontori-teenuste-osutamise-uldtingimused\/\"]}]},{\"@type\":\"BreadcrumbList\",\"@id\":\"https:\/\/247office.ee\/en\/virtuaalkontori-teenuste-osutamise-uldtingimused\/#breadcrumb\",\"itemListElement\":[{\"@type\":\"ListItem\",\"position\":1,\"name\":\"Home\",\"item\":\"https:\/\/247office.ee\/\"},{\"@type\":\"ListItem\",\"position\":2,\"name\":\"Virtuaalkontori teenuste osutamise \u00fcldtingimused\"}]},{\"@type\":\"WebSite\",\"@id\":\"https:\/\/247office.ee\/#website\",\"url\":\"https:\/\/247office.ee\/\",\"name\":\"24\/7 Office\",\"description\":\"coworking spaces\",\"publisher\":{\"@id\":\"https:\/\/247office.ee\/#organization\"},\"potentialAction\":[{\"@type\":\"SearchAction\",\"target\":{\"@type\":\"EntryPoint\",\"urlTemplate\":\"https:\/\/247office.ee\/?s={search_term_string}\"},\"query-input\":\"required name=search_term_string\"}],\"inLanguage\":\"en-GB\"},{\"@type\":\"Organization\",\"@id\":\"https:\/\/247office.ee\/#organization\",\"name\":\"24\/7 Office\",\"url\":\"https:\/\/247office.ee\/\",\"logo\":{\"@type\":\"ImageObject\",\"inLanguage\":\"en-GB\",\"@id\":\"https:\/\/247office.ee\/#\/schema\/logo\/image\/\",\"url\":\"https:\/\/247office.ee\/wp-content\/uploads\/2020\/02\/cropped-247_OFFICE_positiiv_pohilogo-scaled-1.jpg\",\"contentUrl\":\"https:\/\/247office.ee\/wp-content\/uploads\/2020\/02\/cropped-247_OFFICE_positiiv_pohilogo-scaled-1.jpg\",\"width\":512,\"height\":512,\"caption\":\"24\/7 Office\"},\"image\":{\"@id\":\"https:\/\/247office.ee\/#\/schema\/logo\/image\/\"},\"sameAs\":[\"https:\/\/www.facebook.com\/247office\",\"https:\/\/www.instagram.com\/247office\/\",\"https:\/\/www.linkedin.com\/company\/19207302\/admin\/\"]}]}<\/script>\n<!-- \/ Yoast SEO plugin. -->","yoast_head_json":{"title":"Virtuaalkontori teenuste osutamise \u00fcldtingimused - 24\/7 Office","robots":{"index":"index","follow":"follow","max-snippet":"max-snippet:-1","max-image-preview":"max-image-preview:large","max-video-preview":"max-video-preview:-1"},"canonical":"https:\/\/247office.ee\/en\/virtuaalkontori-teenuste-osutamise-uldtingimused\/","og_locale":"en_GB","og_type":"article","og_title":"Virtuaalkontori teenuste osutamise \u00fcldtingimused - 24\/7 Office","og_url":"https:\/\/247office.ee\/en\/virtuaalkontori-teenuste-osutamise-uldtingimused\/","og_site_name":"24\/7 Office","article_publisher":"https:\/\/www.facebook.com\/247office","article_modified_time":"2020-08-21T08:05:28+00:00","og_image":[{"width":512,"height":512,"url":"https:\/\/247office.ee\/wp-content\/uploads\/2020\/02\/cropped-247_OFFICE_positiiv_pohilogo-scaled-1.jpg","type":"image\/jpeg"}],"twitter_card":"summary_large_image","twitter_misc":{"Estimated reading time":"5 minutes"},"schema":{"@context":"https:\/\/schema.org","@graph":[{"@type":"WebPage","@id":"https:\/\/247office.ee\/en\/virtuaalkontori-teenuste-osutamise-uldtingimused\/","url":"https:\/\/247office.ee\/en\/virtuaalkontori-teenuste-osutamise-uldtingimused\/","name":"Virtuaalkontori teenuste osutamise \u00fcldtingimused - 24\/7 Office","isPartOf":{"@id":"https:\/\/247office.ee\/#website"},"datePublished":"2020-02-19T11:30:03+00:00","dateModified":"2020-08-21T08:05:28+00:00","breadcrumb":{"@id":"https:\/\/247office.ee\/en\/virtuaalkontori-teenuste-osutamise-uldtingimused\/#breadcrumb"},"inLanguage":"en-GB","potentialAction":[{"@type":"ReadAction","target":["https:\/\/247office.ee\/en\/virtuaalkontori-teenuste-osutamise-uldtingimused\/"]}]},{"@type":"BreadcrumbList","@id":"https:\/\/247office.ee\/en\/virtuaalkontori-teenuste-osutamise-uldtingimused\/#breadcrumb","itemListElement":[{"@type":"ListItem","position":1,"name":"Home","item":"https:\/\/247office.ee\/"},{"@type":"ListItem","position":2,"name":"Virtuaalkontori teenuste osutamise \u00fcldtingimused"}]},{"@type":"WebSite","@id":"https:\/\/247office.ee\/#website","url":"https:\/\/247office.ee\/","name":"24\/7 Office","description":"coworking spaces","publisher":{"@id":"https:\/\/247office.ee\/#organization"},"potentialAction":[{"@type":"SearchAction","target":{"@type":"EntryPoint","urlTemplate":"https:\/\/247office.ee\/?s={search_term_string}"},"query-input":"required name=search_term_string"}],"inLanguage":"en-GB"},{"@type":"Organization","@id":"https:\/\/247office.ee\/#organization","name":"24\/7 Office","url":"https:\/\/247office.ee\/","logo":{"@type":"ImageObject","inLanguage":"en-GB","@id":"https:\/\/247office.ee\/#\/schema\/logo\/image\/","url":"https:\/\/247office.ee\/wp-content\/uploads\/2020\/02\/cropped-247_OFFICE_positiiv_pohilogo-scaled-1.jpg","contentUrl":"https:\/\/247office.ee\/wp-content\/uploads\/2020\/02\/cropped-247_OFFICE_positiiv_pohilogo-scaled-1.jpg","width":512,"height":512,"caption":"24\/7 Office"},"image":{"@id":"https:\/\/247office.ee\/#\/schema\/logo\/image\/"},"sameAs":["https:\/\/www.facebook.com\/247office","https:\/\/www.instagram.com\/247office\/","https:\/\/www.linkedin.com\/company\/19207302\/admin\/"]}]}},"_links":{"self":[{"href":"https:\/\/247office.ee\/en\/wp-json\/wp\/v2\/pages\/4487","targetHints":{"allow":["GET"]}}],"collection":[{"href":"https:\/\/247office.ee\/en\/wp-json\/wp\/v2\/pages"}],"about":[{"href":"https:\/\/247office.ee\/en\/wp-json\/wp\/v2\/types\/page"}],"author":[{"embeddable":true,"href":"https:\/\/247office.ee\/en\/wp-json\/wp\/v2\/users\/1"}],"replies":[{"embeddable":true,"href":"https:\/\/247office.ee\/en\/wp-json\/wp\/v2\/comments?post=4487"}],"version-history":[{"count":4,"href":"https:\/\/247office.ee\/en\/wp-json\/wp\/v2\/pages\/4487\/revisions"}],"predecessor-version":[{"id":7355,"href":"https:\/\/247office.ee\/en\/wp-json\/wp\/v2\/pages\/4487\/revisions\/7355"}],"wp:attachment":[{"href":"https:\/\/247office.ee\/en\/wp-json\/wp\/v2\/media?parent=4487"}],"curies":[{"name":"wp","href":"https:\/\/api.w.org\/{rel}","templated":true}]}}