{"id":4439,"date":"2020-02-19T07:41:25","date_gmt":"2020-02-19T07:41:25","guid":{"rendered":"http:\/\/247office.ee\/?post_type=product&#038;p=4439"},"modified":"2022-12-28T13:38:42","modified_gmt":"2022-12-28T13:38:42","slug":"mittestatsionaarne-5-paeva-pilet-kehtivusega-uks-kuu","status":"publish","type":"product","link":"https:\/\/247office.ee\/en\/product\/mittestatsionaarne-5-paeva-pilet-kehtivusega-uks-kuu\/","title":{"rendered":"Mittestatsionaarne 5 p\u00e4eva pilet kehtivusega \u00fcks kuu"},"content":{"rendered":"<p>Rendi endale kiirelt ja mugavalt viieks p\u00e4evaks kuus t\u00f6\u00f6koht 24\/7 Office kontorihotellis!<\/p>\n<p>Viie p\u00e4eva rendihind mittestatsionaarsele t\u00f6\u00f6kohale (ehk <em>hot-desk<\/em>) on <strong>100\u00a0\u20ac + km.<\/strong><\/p>\n<p><strong>NB!<\/strong> T\u00f6\u00f6koha broneering j\u00f5ustub peale teenuse eest tasumist ning 24\/7 Office b\u00fcroohotelli sisekorraeeskirjaga n\u00f5ustumist! Sisekorraeeskirjaga saab tutvuda\u00a0<a href=\"https:\/\/hammerhub.ee\/buroohotelli-sissekorraeeskiri\/\"><strong>SIIN<\/strong>.<\/a>\u00a0Pilet kehtib \u00fche kuu alates ostu vormistamisest.<\/p>","protected":false},"excerpt":{"rendered":"<div class=\"kvgmc6g5 cxmmr5t8 oygrvhab hcukyx3x c1et5uql ii04i59q\"><\/div>\n<div class=\"o9v6fnle cxmmr5t8 oygrvhab hcukyx3x c1et5uql ii04i59q\"><\/div>\n<p>24\/7 Office on modernne ja inspireeriv kontorihotell, mis on varustatud k\u00f5ikide t\u00f6\u00f6ks vajalike tehniliste vahenditega.\u00a0Mittestatsionaarse t\u00f6\u00f6pinna rentimine viieks p\u00e4evaks on <strong>kiire ja mugav<\/strong> \u2013 ei mingit lepingut ja teenuse eest saab tasuda kiirelt l\u00e4bi pangalingi.<\/p>\n<h5>Mittestatsionaarne t\u00f6\u00f6koha pilet viieks p\u00e4evaks sisaldab:<\/h5>\n<p>\u2013 Hot-desk t\u00f6\u00f6pind<\/p>\n<p>\u2013 Lockeri kasutamine<\/p>\n<p>\u2013 24 h ligip\u00e4\u00e4s<\/p>\n<p>\u2013\u00a0<span class=\"obfx-pricing-table-accented\">Meeting rooms<\/span>\u00a0<span class=\"obfx-pricing-table-feature\">kuni 2 tundi p\u00e4evas<\/span><\/p>\n<p>&nbsp;<\/p>\n<p>Antud pilet hakkab kehtima j\u00e4rgmisel t\u00f6\u00f6p\u00e4eval alates ostu vormistamisest ning kehtib viiel kuup\u00e4eval \u00fche kuu jooksul alates pileti kehtivuse algusest.<\/p>","protected":false},"featured_media":4440,"template":"","meta":{"site-sidebar-layout":"default","site-content-layout":"default","ast-site-content-layout":"","site-content-style":"default","site-sidebar-style":"default","ast-global-header-display":"","ast-banner-title-visibility":"","ast-main-header-display":"","ast-hfb-above-header-display":"","ast-hfb-below-header-display":"","ast-hfb-mobile-header-display":"","site-post-title":"","ast-breadcrumbs-content":"","ast-featured-img":"","footer-sml-layout":"","theme-transparent-header-meta":"default","adv-header-id-meta":"","stick-header-meta":"","header-above-stick-meta":"","header-main-stick-meta":"","header-below-stick-meta":"","astra-migrate-meta-layouts":"default","ast-page-background-enabled":"default","ast-page-background-meta":{"desktop":{"background-color":"","background-image":"","background-repeat":"repeat","background-position":"center center","background-size":"auto","background-attachment":"scroll","background-type":"","background-media":"","overlay-type":"","overlay-color":"","overlay-opacity":"","overlay-gradient":""},"tablet":{"background-color":"","background-image":"","background-repeat":"repeat","background-position":"center center","background-size":"auto","background-attachment":"scroll","background-type":"","background-media":"","overlay-type":"","overlay-color":"","overlay-opacity":"","overlay-gradient":""},"mobile":{"background-color":"","background-image":"","background-repeat":"repeat","background-position":"center center","background-size":"auto","background-attachment":"scroll","background-type":"","background-media":"","overlay-type":"","overlay-color":"","overlay-opacity":"","overlay-gradient":""}},"ast-content-background-meta":{"desktop":{"background-color":"var(--ast-global-color-5)","background-image":"","background-repeat":"repeat","background-position":"center center","background-size":"auto","background-attachment":"scroll","background-type":"","background-media":"","overlay-type":"","overlay-color":"","overlay-opacity":"","overlay-gradient":""},"tablet":{"background-color":"var(--ast-global-color-5)","background-image":"","background-repeat":"repeat","background-position":"center center","background-size":"auto","background-attachment":"scroll","background-type":"","background-media":"","overlay-type":"","overlay-color":"","overlay-opacity":"","overlay-gradient":""},"mobile":{"background-color":"var(--ast-global-color-5)","background-image":"","background-repeat":"repeat","background-position":"center center","background-size":"auto","background-attachment":"scroll","background-type":"","background-media":"","overlay-type":"","overlay-color":"","overlay-opacity":"","overlay-gradient":""}}},"product_brand":[],"product_cat":[57],"product_tag":[],"class_list":{"0":"post-4439","1":"product","2":"type-product","3":"status-publish","4":"has-post-thumbnail","6":"product_cat-piletid","7":"desktop-align-left","8":"tablet-align-left","9":"mobile-align-left","11":"first","12":"instock","13":"taxable","14":"shipping-taxable","15":"purchasable","16":"product-type-simple"},"yoast_head":"<!-- This site is optimized with the Yoast SEO plugin v22.8 - https:\/\/yoast.com\/wordpress\/plugins\/seo\/ -->\n<title>Mittestatsionaarne 5 p\u00e4eva pilet kehtivusega \u00fcks kuu - 24\/7 Office<\/title>\n<meta name=\"robots\" content=\"index, follow, max-snippet:-1, max-image-preview:large, max-video-preview:-1\" \/>\n<link rel=\"canonical\" href=\"https:\/\/247office.ee\/en\/product\/mittestatsionaarne-5-paeva-pilet-kehtivusega-uks-kuu\/\" \/>\n<meta property=\"og:locale\" content=\"en_GB\" \/>\n<meta property=\"og:type\" content=\"article\" \/>\n<meta property=\"og:title\" content=\"Mittestatsionaarne 5 p\u00e4eva pilet kehtivusega \u00fcks kuu - 24\/7 Office\" \/>\n<meta property=\"og:description\" content=\"24\/7 Office on modernne ja inspireeriv kontorihotell, mis on varustatud k\u00f5ikide t\u00f6\u00f6ks vajalike tehniliste vahenditega.\u00a0Mittestatsionaarse t\u00f6\u00f6pinna rentimine viieks p\u00e4evaks on kiire ja mugav \u2013 ei mingit lepingut ja teenuse eest saab tasuda kiirelt l\u00e4bi pangalingi. Mittestatsionaarne t\u00f6\u00f6koha pilet viieks p\u00e4evaks sisaldab: \u2013 Hot-desk t\u00f6\u00f6pind  \u2013 Lockeri kasutamine  \u2013 24 h ligip\u00e4\u00e4s  \u2013\u00a0N\u00f5upidamisruumid\u00a0kuni 2 tundi p\u00e4evas  &nbsp;  Antud pilet hakkab kehtima j\u00e4rgmisel t\u00f6\u00f6p\u00e4eval alates ostu vormistamisest ning kehtib viiel kuup\u00e4eval \u00fche kuu jooksul alates pileti kehtivuse algusest.\" \/>\n<meta property=\"og:url\" content=\"https:\/\/247office.ee\/en\/product\/mittestatsionaarne-5-paeva-pilet-kehtivusega-uks-kuu\/\" \/>\n<meta property=\"og:site_name\" content=\"24\/7 Office\" \/>\n<meta property=\"article:publisher\" content=\"https:\/\/www.facebook.com\/247office\" \/>\n<meta property=\"article:modified_time\" content=\"2022-12-28T13:38:42+00:00\" \/>\n<meta property=\"og:image\" content=\"https:\/\/247office.ee\/wp-content\/uploads\/2020\/02\/IMG_8207-1-scaled.jpg\" \/>\n\t<meta property=\"og:image:width\" content=\"2560\" \/>\n\t<meta property=\"og:image:height\" content=\"1706\" \/>\n\t<meta property=\"og:image:type\" content=\"image\/jpeg\" \/>\n<meta name=\"twitter:card\" content=\"summary_large_image\" \/>\n<meta name=\"twitter:label1\" content=\"Estimated reading time\" \/>\n\t<meta name=\"twitter:data1\" content=\"1 minute\" \/>\n<script type=\"application\/ld+json\" class=\"yoast-schema-graph\">{\"@context\":\"https:\/\/schema.org\",\"@graph\":[{\"@type\":\"WebPage\",\"@id\":\"https:\/\/247office.ee\/toode\/mittestatsionaarne-5-paeva-pilet-kehtivusega-uks-kuu\/\",\"url\":\"https:\/\/247office.ee\/toode\/mittestatsionaarne-5-paeva-pilet-kehtivusega-uks-kuu\/\",\"name\":\"Mittestatsionaarne 5 p\u00e4eva pilet kehtivusega \u00fcks kuu - 24\/7 Office\",\"isPartOf\":{\"@id\":\"https:\/\/247office.ee\/#website\"},\"primaryImageOfPage\":{\"@id\":\"https:\/\/247office.ee\/toode\/mittestatsionaarne-5-paeva-pilet-kehtivusega-uks-kuu\/#primaryimage\"},\"image\":{\"@id\":\"https:\/\/247office.ee\/toode\/mittestatsionaarne-5-paeva-pilet-kehtivusega-uks-kuu\/#primaryimage\"},\"thumbnailUrl\":\"https:\/\/247office.ee\/wp-content\/uploads\/2020\/02\/IMG_8207-1-scaled.jpg\",\"datePublished\":\"2020-02-19T07:41:25+00:00\",\"dateModified\":\"2022-12-28T13:38:42+00:00\",\"breadcrumb\":{\"@id\":\"https:\/\/247office.ee\/toode\/mittestatsionaarne-5-paeva-pilet-kehtivusega-uks-kuu\/#breadcrumb\"},\"inLanguage\":\"en-GB\",\"potentialAction\":[{\"@type\":\"ReadAction\",\"target\":[\"https:\/\/247office.ee\/toode\/mittestatsionaarne-5-paeva-pilet-kehtivusega-uks-kuu\/\"]}]},{\"@type\":\"ImageObject\",\"inLanguage\":\"en-GB\",\"@id\":\"https:\/\/247office.ee\/toode\/mittestatsionaarne-5-paeva-pilet-kehtivusega-uks-kuu\/#primaryimage\",\"url\":\"https:\/\/247office.ee\/wp-content\/uploads\/2020\/02\/IMG_8207-1-scaled.jpg\",\"contentUrl\":\"https:\/\/247office.ee\/wp-content\/uploads\/2020\/02\/IMG_8207-1-scaled.jpg\",\"width\":2560,\"height\":1706},{\"@type\":\"BreadcrumbList\",\"@id\":\"https:\/\/247office.ee\/toode\/mittestatsionaarne-5-paeva-pilet-kehtivusega-uks-kuu\/#breadcrumb\",\"itemListElement\":[{\"@type\":\"ListItem\",\"position\":1,\"name\":\"Home\",\"item\":\"https:\/\/247office.ee\/\"},{\"@type\":\"ListItem\",\"position\":2,\"name\":\"Coworking piletid\",\"item\":\"https:\/\/247office.ee\/piletid\/\"},{\"@type\":\"ListItem\",\"position\":3,\"name\":\"Mittestatsionaarne 5 p\u00e4eva pilet kehtivusega \u00fcks kuu\"}]},{\"@type\":\"WebSite\",\"@id\":\"https:\/\/247office.ee\/#website\",\"url\":\"https:\/\/247office.ee\/\",\"name\":\"24\/7 Office\",\"description\":\"coworking spaces\",\"publisher\":{\"@id\":\"https:\/\/247office.ee\/#organization\"},\"potentialAction\":[{\"@type\":\"SearchAction\",\"target\":{\"@type\":\"EntryPoint\",\"urlTemplate\":\"https:\/\/247office.ee\/?s={search_term_string}\"},\"query-input\":\"required name=search_term_string\"}],\"inLanguage\":\"en-GB\"},{\"@type\":\"Organization\",\"@id\":\"https:\/\/247office.ee\/#organization\",\"name\":\"24\/7 Office\",\"url\":\"https:\/\/247office.ee\/\",\"logo\":{\"@type\":\"ImageObject\",\"inLanguage\":\"en-GB\",\"@id\":\"https:\/\/247office.ee\/#\/schema\/logo\/image\/\",\"url\":\"https:\/\/247office.ee\/wp-content\/uploads\/2020\/02\/cropped-247_OFFICE_positiiv_pohilogo-scaled-1.jpg\",\"contentUrl\":\"https:\/\/247office.ee\/wp-content\/uploads\/2020\/02\/cropped-247_OFFICE_positiiv_pohilogo-scaled-1.jpg\",\"width\":512,\"height\":512,\"caption\":\"24\/7 Office\"},\"image\":{\"@id\":\"https:\/\/247office.ee\/#\/schema\/logo\/image\/\"},\"sameAs\":[\"https:\/\/www.facebook.com\/247office\",\"https:\/\/www.instagram.com\/247office\/\",\"https:\/\/www.linkedin.com\/company\/19207302\/admin\/\"]}]}<\/script>\n<!-- \/ Yoast SEO plugin. -->","yoast_head_json":{"title":"Mittestatsionaarne 5 p\u00e4eva pilet kehtivusega \u00fcks kuu - 24\/7 Office","robots":{"index":"index","follow":"follow","max-snippet":"max-snippet:-1","max-image-preview":"max-image-preview:large","max-video-preview":"max-video-preview:-1"},"canonical":"https:\/\/247office.ee\/en\/product\/mittestatsionaarne-5-paeva-pilet-kehtivusega-uks-kuu\/","og_locale":"en_GB","og_type":"article","og_title":"Mittestatsionaarne 5 p\u00e4eva pilet kehtivusega \u00fcks kuu - 24\/7 Office","og_description":"24\/7 Office on modernne ja inspireeriv kontorihotell, mis on varustatud k\u00f5ikide t\u00f6\u00f6ks vajalike tehniliste vahenditega.\u00a0Mittestatsionaarse t\u00f6\u00f6pinna rentimine viieks p\u00e4evaks on kiire ja mugav \u2013 ei mingit lepingut ja teenuse eest saab tasuda kiirelt l\u00e4bi pangalingi. Mittestatsionaarne t\u00f6\u00f6koha pilet viieks p\u00e4evaks sisaldab: \u2013 Hot-desk t\u00f6\u00f6pind  \u2013 Lockeri kasutamine  \u2013 24 h ligip\u00e4\u00e4s  \u2013\u00a0N\u00f5upidamisruumid\u00a0kuni 2 tundi p\u00e4evas  &nbsp;  Antud pilet hakkab kehtima j\u00e4rgmisel t\u00f6\u00f6p\u00e4eval alates ostu vormistamisest ning kehtib viiel kuup\u00e4eval \u00fche kuu jooksul alates pileti kehtivuse algusest.","og_url":"https:\/\/247office.ee\/en\/product\/mittestatsionaarne-5-paeva-pilet-kehtivusega-uks-kuu\/","og_site_name":"24\/7 Office","article_publisher":"https:\/\/www.facebook.com\/247office","article_modified_time":"2022-12-28T13:38:42+00:00","og_image":[{"width":2560,"height":1706,"url":"https:\/\/247office.ee\/wp-content\/uploads\/2020\/02\/IMG_8207-1-scaled.jpg","type":"image\/jpeg"}],"twitter_card":"summary_large_image","twitter_misc":{"Estimated reading time":"1 minute"},"schema":{"@context":"https:\/\/schema.org","@graph":[{"@type":"WebPage","@id":"https:\/\/247office.ee\/toode\/mittestatsionaarne-5-paeva-pilet-kehtivusega-uks-kuu\/","url":"https:\/\/247office.ee\/toode\/mittestatsionaarne-5-paeva-pilet-kehtivusega-uks-kuu\/","name":"Mittestatsionaarne 5 p\u00e4eva pilet kehtivusega \u00fcks kuu - 24\/7 Office","isPartOf":{"@id":"https:\/\/247office.ee\/#website"},"primaryImageOfPage":{"@id":"https:\/\/247office.ee\/toode\/mittestatsionaarne-5-paeva-pilet-kehtivusega-uks-kuu\/#primaryimage"},"image":{"@id":"https:\/\/247office.ee\/toode\/mittestatsionaarne-5-paeva-pilet-kehtivusega-uks-kuu\/#primaryimage"},"thumbnailUrl":"https:\/\/247office.ee\/wp-content\/uploads\/2020\/02\/IMG_8207-1-scaled.jpg","datePublished":"2020-02-19T07:41:25+00:00","dateModified":"2022-12-28T13:38:42+00:00","breadcrumb":{"@id":"https:\/\/247office.ee\/toode\/mittestatsionaarne-5-paeva-pilet-kehtivusega-uks-kuu\/#breadcrumb"},"inLanguage":"en-GB","potentialAction":[{"@type":"ReadAction","target":["https:\/\/247office.ee\/toode\/mittestatsionaarne-5-paeva-pilet-kehtivusega-uks-kuu\/"]}]},{"@type":"ImageObject","inLanguage":"en-GB","@id":"https:\/\/247office.ee\/toode\/mittestatsionaarne-5-paeva-pilet-kehtivusega-uks-kuu\/#primaryimage","url":"https:\/\/247office.ee\/wp-content\/uploads\/2020\/02\/IMG_8207-1-scaled.jpg","contentUrl":"https:\/\/247office.ee\/wp-content\/uploads\/2020\/02\/IMG_8207-1-scaled.jpg","width":2560,"height":1706},{"@type":"BreadcrumbList","@id":"https:\/\/247office.ee\/toode\/mittestatsionaarne-5-paeva-pilet-kehtivusega-uks-kuu\/#breadcrumb","itemListElement":[{"@type":"ListItem","position":1,"name":"Home","item":"https:\/\/247office.ee\/"},{"@type":"ListItem","position":2,"name":"Coworking piletid","item":"https:\/\/247office.ee\/piletid\/"},{"@type":"ListItem","position":3,"name":"Mittestatsionaarne 5 p\u00e4eva pilet kehtivusega \u00fcks kuu"}]},{"@type":"WebSite","@id":"https:\/\/247office.ee\/#website","url":"https:\/\/247office.ee\/","name":"24\/7 Office","description":"coworking spaces","publisher":{"@id":"https:\/\/247office.ee\/#organization"},"potentialAction":[{"@type":"SearchAction","target":{"@type":"EntryPoint","urlTemplate":"https:\/\/247office.ee\/?s={search_term_string}"},"query-input":"required name=search_term_string"}],"inLanguage":"en-GB"},{"@type":"Organization","@id":"https:\/\/247office.ee\/#organization","name":"24\/7 Office","url":"https:\/\/247office.ee\/","logo":{"@type":"ImageObject","inLanguage":"en-GB","@id":"https:\/\/247office.ee\/#\/schema\/logo\/image\/","url":"https:\/\/247office.ee\/wp-content\/uploads\/2020\/02\/cropped-247_OFFICE_positiiv_pohilogo-scaled-1.jpg","contentUrl":"https:\/\/247office.ee\/wp-content\/uploads\/2020\/02\/cropped-247_OFFICE_positiiv_pohilogo-scaled-1.jpg","width":512,"height":512,"caption":"24\/7 Office"},"image":{"@id":"https:\/\/247office.ee\/#\/schema\/logo\/image\/"},"sameAs":["https:\/\/www.facebook.com\/247office","https:\/\/www.instagram.com\/247office\/","https:\/\/www.linkedin.com\/company\/19207302\/admin\/"]}]}},"_links":{"self":[{"href":"https:\/\/247office.ee\/en\/wp-json\/wp\/v2\/product\/4439","targetHints":{"allow":["GET"]}}],"collection":[{"href":"https:\/\/247office.ee\/en\/wp-json\/wp\/v2\/product"}],"about":[{"href":"https:\/\/247office.ee\/en\/wp-json\/wp\/v2\/types\/product"}],"wp:featuredmedia":[{"embeddable":true,"href":"https:\/\/247office.ee\/en\/wp-json\/wp\/v2\/media\/4440"}],"wp:attachment":[{"href":"https:\/\/247office.ee\/en\/wp-json\/wp\/v2\/media?parent=4439"}],"wp:term":[{"taxonomy":"product_brand","embeddable":true,"href":"https:\/\/247office.ee\/en\/wp-json\/wp\/v2\/product_brand?post=4439"},{"taxonomy":"product_cat","embeddable":true,"href":"https:\/\/247office.ee\/en\/wp-json\/wp\/v2\/product_cat?post=4439"},{"taxonomy":"product_tag","embeddable":true,"href":"https:\/\/247office.ee\/en\/wp-json\/wp\/v2\/product_tag?post=4439"}],"curies":[{"name":"wp","href":"https:\/\/api.w.org\/{rel}","templated":true}]}}